{"id":616,"date":"2025-05-12T06:07:07","date_gmt":"2025-05-12T06:07:07","guid":{"rendered":"http:\/\/xfun.lt\/contact\/"},"modified":"2025-07-10T09:51:48","modified_gmt":"2025-07-10T09:51:48","slug":"contact","status":"publish","type":"page","link":"https:\/\/xfun.lt\/en\/contact\/","title":{"rendered":"Contact"},"content":{"rendered":"\t\t<div data-elementor-type=\"wp-page\" data-elementor-id=\"616\" class=\"elementor elementor-616 elementor-18\" data-elementor-post-type=\"page\">\n\t\t\t\t<div class=\"elementor-element elementor-element-6f08428 e-con-full e-flex e-con e-parent\" data-id=\"6f08428\" data-element_type=\"container\">\n\t\t\t\t<div class=\"elementor-element elementor-element-cae5f88 elementor-widget elementor-widget-template\" data-id=\"cae5f88\" data-element_type=\"widget\" data-widget_type=\"template.default\">\n\t\t\t\t<div class=\"elementor-widget-container\">\n\t\t\t\t\t\t\t<div class=\"elementor-template\">\n\t\t\t\t\t<div data-elementor-type=\"container\" data-elementor-id=\"626\" class=\"elementor elementor-626 elementor-607\" data-elementor-post-type=\"elementor_library\">\n\t\t\t\t<div class=\"elementor-element elementor-element-149dc666 e-flex e-con-boxed e-con e-parent\" data-id=\"149dc666\" data-element_type=\"container\">\n\t\t\t\t\t<div class=\"e-con-inner\">\n\t\t\t\t<div class=\"elementor-element elementor-element-259113a8 elementor-align-center elementor-widget elementor-widget-breadcrumbs\" data-id=\"259113a8\" data-element_type=\"widget\" data-widget_type=\"breadcrumbs.default\">\n\t\t\t\t<div class=\"elementor-widget-container\">\n\t\t\t\t\t<p id=\"breadcrumbs\"><span><span><a href=\"https:\/\/xfun.lt\/en\/\">Home<\/a><\/span><\/span><\/p>\t\t\t\t<\/div>\n\t\t\t\t<\/div>\n\t\t\t\t<div class=\"elementor-element elementor-element-36b22b6 elementor-widget elementor-widget-shortcode\" data-id=\"36b22b6\" data-element_type=\"widget\" data-widget_type=\"shortcode.default\">\n\t\t\t\t<div class=\"elementor-widget-container\">\n\t\t\t\t\t\t\t<div class=\"elementor-shortcode\"><\/div>\n\t\t\t\t\t\t<\/div>\n\t\t\t\t<\/div>\n\t\t\t\t\t<\/div>\n\t\t\t\t<\/div>\n\t\t\t\t<\/div>\n\t\t\t\t<\/div>\n\t\t\t\t\t\t<\/div>\n\t\t\t\t<\/div>\n\t\t\t\t<\/div>\n\t\t<div class=\"elementor-element elementor-element-c08d810 e-con-full e-flex e-con e-parent\" data-id=\"c08d810\" data-element_type=\"container\">\n\t\t\t\t<div class=\"elementor-element elementor-element-1466e86 elementor-widget elementor-widget-template\" data-id=\"1466e86\" data-element_type=\"widget\" data-widget_type=\"template.default\">\n\t\t\t\t<div class=\"elementor-widget-container\">\n\t\t\t\t\t\t\t<div class=\"elementor-template\">\n\t\t\t\t\t<div data-elementor-type=\"container\" data-elementor-id=\"636\" class=\"elementor elementor-636 elementor-613\" data-elementor-post-type=\"elementor_library\">\n\t\t\t\t<div class=\"elementor-element elementor-element-1a75e9fd e-flex e-con-boxed e-con e-parent\" data-id=\"1a75e9fd\" data-element_type=\"container\">\n\t\t\t\t\t<div class=\"e-con-inner\">\n\t\t\t\t<div class=\"elementor-element elementor-element-49db1c59 elementor-widget elementor-widget-text-editor\" data-id=\"49db1c59\" data-element_type=\"widget\" data-widget_type=\"text-editor.default\">\n\t\t\t\t<div class=\"elementor-widget-container\">\n\t\t\t\t\t\t\t\t\t<h5 style=\"text-align: center;\">Do you have any questions or would you like to order our equipment for an event?<\/h5>\n<p style=\"text-align: center;\">Contact us \u2013 we will respond to all your questions as soon as possible.<\/p>\t\t\t\t\t\t\t\t<\/div>\n\t\t\t\t<\/div>\n\t\t\t\t\t<\/div>\n\t\t\t\t<\/div>\n\t\t\t\t<\/div>\n\t\t\t\t<\/div>\n\t\t\t\t\t\t<\/div>\n\t\t\t\t<\/div>\n\t\t\t\t<\/div>\n\t\t<div class=\"elementor-element elementor-element-015d0d4 e-con-full e-flex e-con e-parent\" data-id=\"015d0d4\" data-element_type=\"container\">\n\t\t\t\t<div class=\"elementor-element elementor-element-641286d elementor-widget elementor-widget-template\" data-id=\"641286d\" data-element_type=\"widget\" data-widget_type=\"template.default\">\n\t\t\t\t<div class=\"elementor-widget-container\">\n\t\t\t\t\t\t\t<div class=\"elementor-template\">\n\t\t\t\t\t<div data-elementor-type=\"container\" data-elementor-id=\"630\" class=\"elementor elementor-630 elementor-610\" data-elementor-post-type=\"elementor_library\">\n\t\t\t\t<div class=\"elementor-element elementor-element-20660b0b e-con-full e-flex e-con e-parent\" data-id=\"20660b0b\" data-element_type=\"container\">\n\t\t\t\t<div class=\"elementor-element elementor-element-796b596b elementor-widget elementor-widget-vc-boxes-icons\" data-id=\"796b596b\" data-element_type=\"widget\" data-widget_type=\"vc-boxes-icons.default\">\n\t\t\t\t<div class=\"elementor-widget-container\">\n\t\t\t\t\t\t\t\t<div class=\"section-boxes-count relative\">\n\t\t\t\t<div class=\"same-margin section-large\">\n\t\t\t\t\t<div class=\"container\">\n\t\t\t\t\t\t<div class=\"the-content the-content-large the-content-decoration relative\">\n\t\t\t\t\t\t\t<div class=\"stars-icon\"><\/div>\n\t\t\t\t\t\t<\/div>\n\t\t\t\t\t\t<div class=\"row flex flex-row flex-wrap flex-justify-center small-gutter boxes-count boxes-count-normal\">\n\t\t\t\t\t\t\t\t\t\t\t\t\t\t\t\t<div class=\"col_33 item-box\">\n\t\t\t\t\t\t\t\t\t\t<div class=\"wrap-box tac\">\n\t\t\t\t\t\t\t\t\t\t\t<div class=\"icon\">\n\t\t\t\t\t\t\t\t\t\t\t\t<span class=\"no\">\n\t\t\t\t\t\t\t\t\t\t\t\t\t<img decoding=\"async\" src=\"https:\/\/xfun.lt\/wp-content\/uploads\/2025\/05\/phone.svg\" alt=\"Call us\"  width=\"\" height=\"\">\n\t\t\t\t\t\t\t\t\t\t\t\t<\/span>\n\t\t\t\t\t\t\t\t\t\t\t<\/div>\n\t\t\t\t\t\t\t\t\t\t\t<div class=\"text-box\" >\n\t\t\t\t\t\t\t\t\t\t\t\t<p class=\"normal-title\">Call us<\/p>\n\t\t\t\t\t\t\t\t\t\t\t\t<p class=\"normal\"><a href=\"tel:37069527777\" title=\"+370 (695) 27 777\" aria-label=\"+370 (695) 27 777\" >+370 (695) 27 777<\/a><\/p>\n\t\t\t\t\t\t\t\t\t\t\t<\/div>\n\t\t\t\t\t\t\t\t\t\t<\/div>\n\t\t\t\t\t\t\t\t\t<\/div>\n\t\t\t\t\t\t\t\t\t\t\t\t\t\t\t\t<div class=\"col_33 item-box\">\n\t\t\t\t\t\t\t\t\t\t<div class=\"wrap-box tac\">\n\t\t\t\t\t\t\t\t\t\t\t<div class=\"icon\">\n\t\t\t\t\t\t\t\t\t\t\t\t<span class=\"no\">\n\t\t\t\t\t\t\t\t\t\t\t\t\t<img decoding=\"async\" src=\"https:\/\/xfun.lt\/wp-content\/uploads\/2025\/05\/email.svg\" alt=\"Email us\"  width=\"\" height=\"\">\n\t\t\t\t\t\t\t\t\t\t\t\t<\/span>\n\t\t\t\t\t\t\t\t\t\t\t<\/div>\n\t\t\t\t\t\t\t\t\t\t\t<div class=\"text-box\" >\n\t\t\t\t\t\t\t\t\t\t\t\t<p class=\"normal-title\">Email us<\/p>\n\t\t\t\t\t\t\t\t\t\t\t\t<p class=\"normal\"><a href=\"mailto:info@xfun.lt\" title=\"info@xfun.lt\" aria-label=\"info@xfun.lt\" >info@xfun.lt<\/a><\/p>\n\t\t\t\t\t\t\t\t\t\t\t<\/div>\n\t\t\t\t\t\t\t\t\t\t<\/div>\n\t\t\t\t\t\t\t\t\t<\/div>\n\t\t\t\t\t\t\t\t\t\t\t\t\t\t\t\t<div class=\"col_33 item-box\">\n\t\t\t\t\t\t\t\t\t\t<div class=\"wrap-box tac\">\n\t\t\t\t\t\t\t\t\t\t\t<div class=\"icon\">\n\t\t\t\t\t\t\t\t\t\t\t\t<span class=\"no\">\n\t\t\t\t\t\t\t\t\t\t\t\t\t<img decoding=\"async\" src=\"https:\/\/xfun.lt\/wp-content\/uploads\/2025\/05\/address.svg\" alt=\"Our address\"  width=\"\" height=\"\">\n\t\t\t\t\t\t\t\t\t\t\t\t<\/span>\n\t\t\t\t\t\t\t\t\t\t\t<\/div>\n\t\t\t\t\t\t\t\t\t\t\t<div class=\"text-box\" >\n\t\t\t\t\t\t\t\t\t\t\t\t<p class=\"normal-title\">Our address<\/p>\n\t\t\t\t\t\t\t\t\t\t\t\t<p class=\"normal\"><a href=\"https:\/\/maps.app.goo.gl\/XW3YGohPTKxUteok9\" title=\"Paribio g. 25B, Vilnius,  08101 Vilniaus m. sav\" aria-label=\"Paribio g. 25B, Vilnius,  08101 Vilniaus m. sav.\" target=\"_blank\" rel=\"nofollow\">Paribio g. 25B, Vilnius, <br\/>08101 Vilniaus m. sav.<\/a><\/p>\n\t\t\t\t\t\t\t\t\t\t\t<\/div>\n\t\t\t\t\t\t\t\t\t\t<\/div>\n\t\t\t\t\t\t\t\t\t<\/div>\n\t\t\t\t\t\t\t\t\t\t\t\t\t<\/div>\n\t\t\t\t\t<\/div>\n\t\t\t\t<\/div>\n\t\t\t<\/div> \n\t\t\t\t\t\t<\/div>\n\t\t\t\t<\/div>\n\t\t\t\t<\/div>\n\t\t\t\t<\/div>\n\t\t\t\t<\/div>\n\t\t\t\t\t\t<\/div>\n\t\t\t\t<\/div>\n\t\t\t\t<\/div>\n\t\t<div class=\"elementor-element elementor-element-5eee0df e-con-full e-flex e-con e-parent\" data-id=\"5eee0df\" data-element_type=\"container\">\n\t\t\t\t<div class=\"elementor-element elementor-element-3118918 elementor-widget elementor-widget-template\" data-id=\"3118918\" data-element_type=\"widget\" data-widget_type=\"template.default\">\n\t\t\t\t<div class=\"elementor-widget-container\">\n\t\t\t\t\t\t\t<div class=\"elementor-template\">\n\t\t\t\t\t<div data-elementor-type=\"container\" data-elementor-id=\"491\" class=\"elementor elementor-491 elementor-469\" data-elementor-post-type=\"elementor_library\">\n\t\t\t\t<div class=\"elementor-element elementor-element-21741197 e-con-full e-flex e-con e-parent\" data-id=\"21741197\" data-element_type=\"container\">\n\t\t\t\t<div class=\"elementor-element elementor-element-3e67b6d8 elementor-widget elementor-widget-vc-banner\" data-id=\"3e67b6d8\" data-element_type=\"widget\" data-widget_type=\"vc-banner.default\">\n\t\t\t\t<div class=\"elementor-widget-container\">\n\t\t\t\t\t\n\t\t<div class=\"section section-banner\">\n\t\t\t<div class=\"container\">\n\t\t\t\t<div class=\"banner-wrap\">\n\t\t\t\t\t<div class=\"decoration-pink\"><\/div>\n\t\t\t\t\t<div class=\"row flex flex-row flex-wrap flex-center flex-justify-center\">\n\t\t\t\t\t\t\t\t\t\t\t\t\t<div class=\"col_45 image\">\n\t\t\t\t\t\t\t\t\t<img fetchpriority=\"high\" decoding=\"async\" src=\"https:\/\/xfun.lt\/wp-content\/uploads\/2025\/05\/banner-girl.webp\" alt=\"\" width=\"888\" height=\"942\">\n\t\t\t\t\t\t\t\t<\/div>\n\t\t\t\t\t\t\t\t\t\t\t<div class=\"col_55 text\">\n\t\t\t\t\t\t\t<div class=\" the-content the-content-large the-content-decoration relative white-txt\">\n\t\t\t\t\t\t\t\t<p>CONTACT US NOW<\/p>\n<h2>Ready to make your party unforgettable?<\/h2>\n<p>We will help make your special day a celebration full of laughter, color, and magical memories! From inflatable trampolines to bubble machines, we have everything youneed for perfect fun.<\/p>\t\t\t\t\t\t\t<\/div>\n\t\t\t\t\t\t\t<div class=\"wrap-button\">\n\t\t\t\t\t\t\t\t\t\t\t\t\t\t\t\t\t\t\t<a href=\"https:\/\/xfun.lt\/en\/contact\/\" title=\"Contact us\" aria-label=\"Contact us\" class=\"button1 button1-white\"><span>Contact us<\/span><span class=\"arrow\"><\/a>\n\t\t\t\t\t\t\t\t\n\t\t\t\t\t\t\t\t\t\t\t\t\t\t\t\t\t\t\t<a href=\"https:\/\/wa.me\/37069527777\" title=\" +370 (695) 27 777\" aria-label=\" +370 (695) 27 777\" rel=\"nofollow\" class=\"button-link\"><i class='fab fa-whatsapp'><\/i> +370 (695) 27 777<\/a>\n\t\t\t\t\t\t\t\t\t\t\t\t\t\t\t<\/div>\n\t\t\t\t\t\t<\/div>\n\t\t\t\t\t<\/div>\n\t\t\t\t<\/div>\n\t\t\t<\/div>\n\t\t<\/div>\n\n\t \t\t\t\t<\/div>\n\t\t\t\t<\/div>\n\t\t\t\t<\/div>\n\t\t\t\t<\/div>\n\t\t\t\t<\/div>\n\t\t\t\t\t\t<\/div>\n\t\t\t\t<\/div>\n\t\t\t\t<\/div>\n\t\t<div class=\"elementor-element elementor-element-0639866 e-con-full e-flex e-con e-parent\" data-id=\"0639866\" data-element_type=\"container\">\n\t\t\t\t<div class=\"elementor-element elementor-element-9e930ea elementor-widget elementor-widget-template\" data-id=\"9e930ea\" data-element_type=\"widget\" data-widget_type=\"template.default\">\n\t\t\t\t<div class=\"elementor-widget-container\">\n\t\t\t\t\t\t\t<div class=\"elementor-template\">\n\t\t\t\t\t<div data-elementor-type=\"container\" data-elementor-id=\"426\" class=\"elementor elementor-426 elementor-423\" data-elementor-post-type=\"elementor_library\">\n\t\t\t\t<div class=\"elementor-element elementor-element-5be46533 e-con-full e-flex e-con e-parent\" data-id=\"5be46533\" data-element_type=\"container\">\n\t\t\t\t<div class=\"elementor-element elementor-element-7c93bc1d elementor-widget elementor-widget-vc-testimonials\" data-id=\"7c93bc1d\" data-element_type=\"widget\" data-widget_type=\"vc-testimonials.default\">\n\t\t\t\t<div class=\"elementor-widget-container\">\n\t\t\t\t\t\n\t\t<div class=\"section-testimonials relative\">\n\t\t\t<div class=\"container\">\n\t\t\t\t<div class=\"the-content the-content-large the-content-decoration relative\">\n\t\t\t\t\t<p style=\"text-align: center;\">Reviews<\/p>\n<h2 style=\"text-align: center;\">Customer Reviews<\/h2>\t\t\t\t<\/div>\n\n\t\t\t\t\t\t\t\t\t\t<div class=\"testimonials_slider\">\n\t\t\t\t\t\t\t\t\t\t\t\t\t\t\t\t\n\t\t\t\t\t\t\t\t\t<div class=\"item-slider\">\n\t\t\t\t\t\t\t\t\t\t<div class=\"border-hover\">\n\t\t\t\t\t\t\t\t\t\t\t<div class=\"wrap-term\">\n\t\t\t\t\t\t\t\t\t\t\t\t<div class=\"flex flex-row flex-center flex-user\">\n\t\t\t\t\t\t\t\t\t\t\t\t\t<div class=\"cover user\" style=\"background-image:url(https:\/\/xfun.lt\/wp-content\/uploads\/2025\/05\/user.svg)\"><\/div>\n\t\t\t\t\t\t\t\t\t\t\t\t\t<div class=\"user-info\">\n\t\t\t\t\t\t\t\t\t\t\t\t\t\t<p class=\"name\">\u2014 <b>Monika P., Vilnius<\/b><\/p>\n\t\t\t\t\t\t\t\t\t\t\t\t\t\t\t\t\t\t\t\t\t\t\t\t\t\t\t\t\t\t<div clas=\"ratting\">\n\t\t\t\t\t\t\t\t\t\t\t\t\t\t\t\t\t\t\t\t\t\t\t\t\t\t\t\t\t\t\t\t\t\t\t\t\t<i class=\"fas fa-star\"><\/i>\n\t\t\t\t\t\t\t\t\t\t\t\t\t\t\t\t\t\t\t\t\t\t\t\t\t\t\t\t\t\t\t\t\t\t\t\t\t<i class=\"fas fa-star\"><\/i>\n\t\t\t\t\t\t\t\t\t\t\t\t\t\t\t\t\t\t\t\t\t\t\t\t\t\t\t\t\t\t\t\t\t\t\t\t\t<i class=\"fas fa-star\"><\/i>\n\t\t\t\t\t\t\t\t\t\t\t\t\t\t\t\t\t\t\t\t\t\t\t\t\t\t\t\t\t\t\t\t\t\t\t\t\t<i class=\"fas fa-star\"><\/i>\n\t\t\t\t\t\t\t\t\t\t\t\t\t\t\t\t\t\t\t\t\t\t\t\t\t\t\t\t\t\t\t\t\t\t\t\t\t<i class=\"fas fa-star\"><\/i>\n\t\t\t\t\t\t\t\t\t\t\t\t\t\t\t\t\t\t\t\t\t\t\t\t\t\t\t\t\t\t\t\t\t<\/div>\n\t\t\t\t\t\t\t\t\t\t\t\t\t\t\t\t\t\t\t\t\t\t\t\t\t\t\t<\/div>\n\t\t\t\t\t\t\t\t\t\t\t\t<\/div>\n\t\t\t\t\t\t\t\t\t\t\t\t<p class=\"text\">\"Absolutely perfect! We rented an inflatable castle and a popcorn machine for our daughter's 6th birthday. Everything was very clean, the equipment was delivered on time, and the team was friendly. The children didn't want the party to end!\"\n<\/p>\n\t\t\t\t\t\t\t\t\t\t\t<\/div>\n\t\t\t\t\t\t\t\t\t\t<\/div>\n\t\t\t\t\t\t\t\t\t<\/div>\n\t\t\t\t\t\t\t\t\t\t\t\t\t\t\t\t\n\t\t\t\t\t\t\t\t\t<div class=\"item-slider\">\n\t\t\t\t\t\t\t\t\t\t<div class=\"border-hover\">\n\t\t\t\t\t\t\t\t\t\t\t<div class=\"wrap-term\">\n\t\t\t\t\t\t\t\t\t\t\t\t<div class=\"flex flex-row flex-center flex-user\">\n\t\t\t\t\t\t\t\t\t\t\t\t\t<div class=\"cover user\" style=\"background-image:url(https:\/\/xfun.lt\/wp-content\/uploads\/2025\/05\/user.svg)\"><\/div>\n\t\t\t\t\t\t\t\t\t\t\t\t\t<div class=\"user-info\">\n\t\t\t\t\t\t\t\t\t\t\t\t\t\t<p class=\"name\">\u2014 <b>Andrius K., Kaunas<\/b><\/p>\n\t\t\t\t\t\t\t\t\t\t\t\t\t\t\t\t\t\t\t\t\t\t\t\t\t\t\t\t\t\t<div clas=\"ratting\">\n\t\t\t\t\t\t\t\t\t\t\t\t\t\t\t\t\t\t\t\t\t\t\t\t\t\t\t\t\t\t\t\t\t\t\t\t\t<i class=\"fas fa-star\"><\/i>\n\t\t\t\t\t\t\t\t\t\t\t\t\t\t\t\t\t\t\t\t\t\t\t\t\t\t\t\t\t\t\t\t\t\t\t\t\t<i class=\"fas fa-star\"><\/i>\n\t\t\t\t\t\t\t\t\t\t\t\t\t\t\t\t\t\t\t\t\t\t\t\t\t\t\t\t\t\t\t\t\t\t\t\t\t<i class=\"fas fa-star\"><\/i>\n\t\t\t\t\t\t\t\t\t\t\t\t\t\t\t\t\t\t\t\t\t\t\t\t\t\t\t\t\t\t\t\t\t\t\t\t\t<i class=\"fas fa-star\"><\/i>\n\t\t\t\t\t\t\t\t\t\t\t\t\t\t\t\t\t\t\t\t\t\t\t\t\t\t\t\t\t\t\t\t\t\t\t\t\t<i class=\"fas fa-star\"><\/i>\n\t\t\t\t\t\t\t\t\t\t\t\t\t\t\t\t\t\t\t\t\t\t\t\t\t\t\t\t\t\t\t\t\t<\/div>\n\t\t\t\t\t\t\t\t\t\t\t\t\t\t\t\t\t\t\t\t\t\t\t\t\t\t\t<\/div>\n\t\t\t\t\t\t\t\t\t\t\t\t<\/div>\n\t\t\t\t\t\t\t\t\t\t\t\t<p class=\"text\">\"The foam machine was a huge hit! Our garden turned into a real party zone in just a few minutes. Booking was easy, we did it via WhatsApp, and the Xfun team took care of everything. I highly recommend it!\"<\/p>\n\t\t\t\t\t\t\t\t\t\t\t<\/div>\n\t\t\t\t\t\t\t\t\t\t<\/div>\n\t\t\t\t\t\t\t\t\t<\/div>\n\t\t\t\t\t\t\t\t\t\t\t\t\t\t\t\t\n\t\t\t\t\t\t\t\t\t<div class=\"item-slider\">\n\t\t\t\t\t\t\t\t\t\t<div class=\"border-hover\">\n\t\t\t\t\t\t\t\t\t\t\t<div class=\"wrap-term\">\n\t\t\t\t\t\t\t\t\t\t\t\t<div class=\"flex flex-row flex-center flex-user\">\n\t\t\t\t\t\t\t\t\t\t\t\t\t<div class=\"cover user\" style=\"background-image:url(https:\/\/xfun.lt\/wp-content\/uploads\/2025\/05\/user.svg)\"><\/div>\n\t\t\t\t\t\t\t\t\t\t\t\t\t<div class=\"user-info\">\n\t\t\t\t\t\t\t\t\t\t\t\t\t\t<p class=\"name\">\u2014 <b> Aist\u0117 K., Kaunas <\/b><\/p>\n\t\t\t\t\t\t\t\t\t\t\t\t\t\t\t\t\t\t\t\t\t\t\t\t\t\t\t\t\t\t<div clas=\"ratting\">\n\t\t\t\t\t\t\t\t\t\t\t\t\t\t\t\t\t\t\t\t\t\t\t\t\t\t\t\t\t\t\t\t\t\t\t\t\t<i class=\"fas fa-star\"><\/i>\n\t\t\t\t\t\t\t\t\t\t\t\t\t\t\t\t\t\t\t\t\t\t\t\t\t\t\t\t\t\t\t\t\t\t\t\t\t<i class=\"fas fa-star\"><\/i>\n\t\t\t\t\t\t\t\t\t\t\t\t\t\t\t\t\t\t\t\t\t\t\t\t\t\t\t\t\t\t\t\t\t\t\t\t\t<i class=\"fas fa-star\"><\/i>\n\t\t\t\t\t\t\t\t\t\t\t\t\t\t\t\t\t\t\t\t\t\t\t\t\t\t\t\t\t\t\t\t\t\t\t\t\t<i class=\"fas fa-star\"><\/i>\n\t\t\t\t\t\t\t\t\t\t\t\t\t\t\t\t\t\t\t\t\t\t\t\t\t\t\t\t\t\t\t\t\t\t\t\t\t<i class=\"fas fa-star\"><\/i>\n\t\t\t\t\t\t\t\t\t\t\t\t\t\t\t\t\t\t\t\t\t\t\t\t\t\t\t\t\t\t\t\t\t<\/div>\n\t\t\t\t\t\t\t\t\t\t\t\t\t\t\t\t\t\t\t\t\t\t\t\t\t\t\t<\/div>\n\t\t\t\t\t\t\t\t\t\t\t\t<\/div>\n\t\t\t\t\t\t\t\t\t\t\t\t<p class=\"text\">\"We used xfun.lt services for our kindergarten end-of-year celebration \u2014 the kids were absolutely delighted! Everyone especially loved the hot dog cart and the bubble machine. Thank you for helping us create a truly magical day!\"\n<\/p>\n\t\t\t\t\t\t\t\t\t\t\t<\/div>\n\t\t\t\t\t\t\t\t\t\t<\/div>\n\t\t\t\t\t\t\t\t\t<\/div>\n\t\t\t\t\t\t\t\t\t\t\t\t\t<\/div>\n\t\t\t\t\t\t\t<\/div>\n\t\t<\/div>\n\n\t\t\t\t\t\t<\/div>\n\t\t\t\t<\/div>\n\t\t\t\t<\/div>\n\t\t\t\t<\/div>\n\t\t\t\t<\/div>\n\t\t\t\t\t\t<\/div>\n\t\t\t\t<\/div>\n\t\t\t\t<\/div>\n\t\t\t\t<\/div>\n\t\t","protected":false},"excerpt":{"rendered":"","protected":false},"author":1,"featured_media":0,"parent":0,"menu_order":0,"comment_status":"closed","ping_status":"closed","template":"","meta":{"_acf_changed":false,"inline_featured_image":false,"footnotes":""},"class_list":["post-616","page","type-page","status-publish","hentry"],"acf":[],"yoast_head":"<!-- This site is optimized with the Yoast SEO Premium plugin v25.4 (Yoast SEO v26.2) - https:\/\/yoast.com\/wordpress\/plugins\/seo\/ -->\n<title>Contact XFun Vilnius Rentals<\/title>\n<meta name=\"description\" content=\"Need party gear in Vilnius? Call +370XXXXXX or message us - fast replies!\" \/>\n<meta name=\"robots\" content=\"index, follow, max-snippet:-1, max-image-preview:large, max-video-preview:-1\" \/>\n<link rel=\"canonical\" href=\"https:\/\/xfun.lt\/en\/contact\/\" \/>\n<meta property=\"og:locale\" content=\"en_US\" \/>\n<meta property=\"og:type\" content=\"article\" \/>\n<meta property=\"og:title\" content=\"Contact\" \/>\n<meta property=\"og:description\" content=\"Need party gear in Vilnius? Call +370XXXXXX or message us - fast replies!\" \/>\n<meta property=\"og:url\" content=\"https:\/\/xfun.lt\/en\/contact\/\" \/>\n<meta property=\"og:site_name\" content=\"XFun\" \/>\n<meta property=\"article:publisher\" content=\"https:\/\/www.facebook.com\/profile.php?id=61577004783173\" \/>\n<meta property=\"article:modified_time\" content=\"2025-07-10T09:51:48+00:00\" \/>\n<meta property=\"og:image\" content=\"https:\/\/xfun.lt\/wp-content\/uploads\/2025\/05\/social.jpg\" \/>\n\t<meta property=\"og:image:width\" content=\"1200\" \/>\n\t<meta property=\"og:image:height\" content=\"620\" \/>\n\t<meta property=\"og:image:type\" content=\"image\/jpeg\" \/>\n<meta name=\"twitter:card\" content=\"summary_large_image\" \/>\n<script type=\"application\/ld+json\" class=\"yoast-schema-graph\">{\"@context\":\"https:\/\/schema.org\",\"@graph\":[{\"@type\":\"WebPage\",\"@id\":\"https:\/\/xfun.lt\/en\/contact\/\",\"url\":\"https:\/\/xfun.lt\/en\/contact\/\",\"name\":\"Contact XFun Vilnius Rentals\",\"isPartOf\":{\"@id\":\"https:\/\/xfun.lt\/en\/#website\"},\"datePublished\":\"2025-05-12T06:07:07+00:00\",\"dateModified\":\"2025-07-10T09:51:48+00:00\",\"description\":\"Need party gear in Vilnius? Call +370XXXXXX or message us - fast replies!\",\"breadcrumb\":{\"@id\":\"https:\/\/xfun.lt\/en\/contact\/#breadcrumb\"},\"inLanguage\":\"en-US\",\"potentialAction\":[{\"@type\":\"ReadAction\",\"target\":[\"https:\/\/xfun.lt\/en\/contact\/\"]}]},{\"@type\":\"BreadcrumbList\",\"@id\":\"https:\/\/xfun.lt\/en\/contact\/#breadcrumb\",\"itemListElement\":[{\"@type\":\"ListItem\",\"position\":1,\"name\":\"Home\",\"item\":\"https:\/\/xfun.lt\/en\/\"},{\"@type\":\"ListItem\",\"position\":2,\"name\":\"Contact\"}]},{\"@type\":\"WebSite\",\"@id\":\"https:\/\/xfun.lt\/en\/#website\",\"url\":\"https:\/\/xfun.lt\/en\/\",\"name\":\"XFun\",\"description\":\"Nuo \u0161okin\u0117jan\u010di\u0173 pili\u0173 iki burbul\u0173 ma\u0161in\u0173, kukur\u016bz\u0173 sprag\u0117si\u0173 ve\u017eim\u0117li\u0173 iki sodo kino teatr\u0173 \u2013 m\u016bs\u0173 misija paprasta: sukelkite \u0161ypsenas \u012f kiekvien\u0105 \u0161vent\u0119.\",\"publisher\":{\"@id\":\"https:\/\/xfun.lt\/en\/#organization\"},\"potentialAction\":[{\"@type\":\"SearchAction\",\"target\":{\"@type\":\"EntryPoint\",\"urlTemplate\":\"https:\/\/xfun.lt\/en\/?s={search_term_string}\"},\"query-input\":{\"@type\":\"PropertyValueSpecification\",\"valueRequired\":true,\"valueName\":\"search_term_string\"}}],\"inLanguage\":\"en-US\"},{\"@type\":\"Organization\",\"@id\":\"https:\/\/xfun.lt\/en\/#organization\",\"name\":\"XFun\",\"alternateName\":\"Nuo \u0161okin\u0117jan\u010di\u0173 pili\u0173 iki burbul\u0173 ma\u0161in\u0173, kukur\u016bz\u0173 sprag\u0117si\u0173 ve\u017eim\u0117li\u0173 iki sodo kino teatr\u0173 \u2013 m\u016bs\u0173 misija paprasta: sukelkite \u0161ypsenas \u012f kiekvien\u0105 \u0161vent\u0119.\",\"url\":\"https:\/\/xfun.lt\/en\/\",\"logo\":{\"@type\":\"ImageObject\",\"inLanguage\":\"en-US\",\"@id\":\"https:\/\/xfun.lt\/en\/#\/schema\/logo\/image\/\",\"url\":\"https:\/\/xfun.lt\/wp-content\/uploads\/2025\/05\/logo-xfun.svg\",\"contentUrl\":\"https:\/\/xfun.lt\/wp-content\/uploads\/2025\/05\/logo-xfun.svg\",\"width\":182,\"height\":147,\"caption\":\"XFun\"},\"image\":{\"@id\":\"https:\/\/xfun.lt\/en\/#\/schema\/logo\/image\/\"},\"sameAs\":[\"https:\/\/www.facebook.com\/profile.php?id=61577004783173\"]}]}<\/script>\n<!-- \/ Yoast SEO Premium plugin. -->","yoast_head_json":{"title":"Contact XFun Vilnius Rentals","description":"Need party gear in Vilnius? Call +370XXXXXX or message us - fast replies!","robots":{"index":"index","follow":"follow","max-snippet":"max-snippet:-1","max-image-preview":"max-image-preview:large","max-video-preview":"max-video-preview:-1"},"canonical":"https:\/\/xfun.lt\/en\/contact\/","og_locale":"en_US","og_type":"article","og_title":"Contact","og_description":"Need party gear in Vilnius? Call +370XXXXXX or message us - fast replies!","og_url":"https:\/\/xfun.lt\/en\/contact\/","og_site_name":"XFun","article_publisher":"https:\/\/www.facebook.com\/profile.php?id=61577004783173","article_modified_time":"2025-07-10T09:51:48+00:00","og_image":[{"width":1200,"height":620,"url":"https:\/\/xfun.lt\/wp-content\/uploads\/2025\/05\/social.jpg","type":"image\/jpeg"}],"twitter_card":"summary_large_image","schema":{"@context":"https:\/\/schema.org","@graph":[{"@type":"WebPage","@id":"https:\/\/xfun.lt\/en\/contact\/","url":"https:\/\/xfun.lt\/en\/contact\/","name":"Contact XFun Vilnius Rentals","isPartOf":{"@id":"https:\/\/xfun.lt\/en\/#website"},"datePublished":"2025-05-12T06:07:07+00:00","dateModified":"2025-07-10T09:51:48+00:00","description":"Need party gear in Vilnius? Call +370XXXXXX or message us - fast replies!","breadcrumb":{"@id":"https:\/\/xfun.lt\/en\/contact\/#breadcrumb"},"inLanguage":"en-US","potentialAction":[{"@type":"ReadAction","target":["https:\/\/xfun.lt\/en\/contact\/"]}]},{"@type":"BreadcrumbList","@id":"https:\/\/xfun.lt\/en\/contact\/#breadcrumb","itemListElement":[{"@type":"ListItem","position":1,"name":"Home","item":"https:\/\/xfun.lt\/en\/"},{"@type":"ListItem","position":2,"name":"Contact"}]},{"@type":"WebSite","@id":"https:\/\/xfun.lt\/en\/#website","url":"https:\/\/xfun.lt\/en\/","name":"XFun","description":"Nuo \u0161okin\u0117jan\u010di\u0173 pili\u0173 iki burbul\u0173 ma\u0161in\u0173, kukur\u016bz\u0173 sprag\u0117si\u0173 ve\u017eim\u0117li\u0173 iki sodo kino teatr\u0173 \u2013 m\u016bs\u0173 misija paprasta: sukelkite \u0161ypsenas \u012f kiekvien\u0105 \u0161vent\u0119.","publisher":{"@id":"https:\/\/xfun.lt\/en\/#organization"},"potentialAction":[{"@type":"SearchAction","target":{"@type":"EntryPoint","urlTemplate":"https:\/\/xfun.lt\/en\/?s={search_term_string}"},"query-input":{"@type":"PropertyValueSpecification","valueRequired":true,"valueName":"search_term_string"}}],"inLanguage":"en-US"},{"@type":"Organization","@id":"https:\/\/xfun.lt\/en\/#organization","name":"XFun","alternateName":"Nuo \u0161okin\u0117jan\u010di\u0173 pili\u0173 iki burbul\u0173 ma\u0161in\u0173, kukur\u016bz\u0173 sprag\u0117si\u0173 ve\u017eim\u0117li\u0173 iki sodo kino teatr\u0173 \u2013 m\u016bs\u0173 misija paprasta: sukelkite \u0161ypsenas \u012f kiekvien\u0105 \u0161vent\u0119.","url":"https:\/\/xfun.lt\/en\/","logo":{"@type":"ImageObject","inLanguage":"en-US","@id":"https:\/\/xfun.lt\/en\/#\/schema\/logo\/image\/","url":"https:\/\/xfun.lt\/wp-content\/uploads\/2025\/05\/logo-xfun.svg","contentUrl":"https:\/\/xfun.lt\/wp-content\/uploads\/2025\/05\/logo-xfun.svg","width":182,"height":147,"caption":"XFun"},"image":{"@id":"https:\/\/xfun.lt\/en\/#\/schema\/logo\/image\/"},"sameAs":["https:\/\/www.facebook.com\/profile.php?id=61577004783173"]}]}},"_links":{"self":[{"href":"https:\/\/xfun.lt\/en\/wp-json\/wp\/v2\/pages\/616","targetHints":{"allow":["GET"]}}],"collection":[{"href":"https:\/\/xfun.lt\/en\/wp-json\/wp\/v2\/pages"}],"about":[{"href":"https:\/\/xfun.lt\/en\/wp-json\/wp\/v2\/types\/page"}],"author":[{"embeddable":true,"href":"https:\/\/xfun.lt\/en\/wp-json\/wp\/v2\/users\/1"}],"replies":[{"embeddable":true,"href":"https:\/\/xfun.lt\/en\/wp-json\/wp\/v2\/comments?post=616"}],"version-history":[{"count":1,"href":"https:\/\/xfun.lt\/en\/wp-json\/wp\/v2\/pages\/616\/revisions"}],"predecessor-version":[{"id":1959,"href":"https:\/\/xfun.lt\/en\/wp-json\/wp\/v2\/pages\/616\/revisions\/1959"}],"wp:attachment":[{"href":"https:\/\/xfun.lt\/en\/wp-json\/wp\/v2\/media?parent=616"}],"curies":[{"name":"wp","href":"https:\/\/api.w.org\/{rel}","templated":true}]}}